{"id":5770,"date":"2021-06-05T11:51:57","date_gmt":"2021-06-05T11:51:57","guid":{"rendered":"https:\/\/implant-house.al\/?page_id=5770"},"modified":"2023-10-11T16:27:59","modified_gmt":"2023-10-11T16:27:59","slug":"sedazione","status":"publish","type":"page","link":"https:\/\/implant-house.al\/it\/sedazione\/","title":{"rendered":"Sedazione"},"content":{"rendered":"\t\t<div data-elementor-type=\"wp-post\" data-elementor-id=\"5770\" class=\"elementor elementor-5770\" data-elementor-post-type=\"page\">\n\t\t\t\t\t\t<section class=\"elementor-section elementor-top-section elementor-element elementor-element-3e4f9393 elementor-section-content-middle services_cta elementor-section-full_width elementor-section-height-default elementor-section-height-default\" data-id=\"3e4f9393\" data-element_type=\"section\" data-e-type=\"section\" data-settings=\"{&quot;background_background&quot;:&quot;classic&quot;}\">\n\t\t\t\t\t\t\t<div class=\"elementor-background-overlay\"><\/div>\n\t\t\t\t\t\t\t<div class=\"elementor-container elementor-column-gap-no\">\n\t\t\t\t\t<div class=\"elementor-column elementor-col-33 elementor-top-column elementor-element elementor-element-2d84c31a\" data-id=\"2d84c31a\" data-element_type=\"column\" data-e-type=\"column\">\n\t\t\t<div class=\"elementor-widget-wrap elementor-element-populated\">\n\t\t\t\t\t\t<div class=\"elementor-element elementor-element-9093a70 elementor-align-left elementor-widget elementor-widget-elementskit-button\" data-id=\"9093a70\" data-element_type=\"widget\" data-e-type=\"widget\" data-widget_type=\"elementskit-button.default\">\n\t\t\t\t<div class=\"elementor-widget-container\">\n\t\t\t\t\t<div class=\"ekit-wid-con\" >\t\t<div class=\"ekit-btn-wraper\">\n\t\t\t\t\t\t\t<a href=\"https:\/\/implant-house.al\/contatti\/\" class=\"elementskit-btn services_cta_btn whitespace--normal\" id=\"\">\n\t\t\t\t\t<i class=\"far fa-calendar-check\"><\/i>Prenota appuntamento\t\t\t\t<\/a>\n\t\t\t\t\t<\/div>\n        <\/div>\t\t\t\t<\/div>\n\t\t\t\t<\/div>\n\t\t\t\t\t<\/div>\n\t\t<\/div>\n\t\t\t\t<div class=\"elementor-column elementor-col-33 elementor-top-column elementor-element elementor-element-594ec1b0 elementor-hidden-mobile\" data-id=\"594ec1b0\" data-element_type=\"column\" data-e-type=\"column\">\n\t\t\t<div class=\"elementor-widget-wrap elementor-element-populated\">\n\t\t\t\t\t\t<div class=\"elementor-element elementor-element-7a6f64f8 elementor-align-left elementor-widget elementor-widget-elementskit-button\" data-id=\"7a6f64f8\" data-element_type=\"widget\" data-e-type=\"widget\" data-widget_type=\"elementskit-button.default\">\n\t\t\t\t<div class=\"elementor-widget-container\">\n\t\t\t\t\t<div class=\"ekit-wid-con\" >\t\t<div class=\"ekit-btn-wraper\">\n\t\t\t\t\t\t\t<a href=\"tel:+355%2069%20936%202645\" class=\"elementskit-btn services_cta_btn whitespace--normal\" id=\"\">\n\t\t\t\t\t<i class=\"icon icon-phone-call2\"><\/i>+355 69 936 2645\t\t\t\t<\/a>\n\t\t\t\t\t<\/div>\n        <\/div>\t\t\t\t<\/div>\n\t\t\t\t<\/div>\n\t\t\t\t\t<\/div>\n\t\t<\/div>\n\t\t\t\t<div class=\"elementor-column elementor-col-33 elementor-top-column elementor-element elementor-element-6716c1e8\" data-id=\"6716c1e8\" data-element_type=\"column\" data-e-type=\"column\">\n\t\t\t<div class=\"elementor-widget-wrap elementor-element-populated\">\n\t\t\t\t\t\t<div class=\"elementor-element elementor-element-524419eb services_cta_action ekit-equal-height-disable elementor-widget elementor-widget-elementskit-icon-box\" data-id=\"524419eb\" data-element_type=\"widget\" data-e-type=\"widget\" data-widget_type=\"elementskit-icon-box.default\">\n\t\t\t\t<div class=\"elementor-widget-container\">\n\t\t\t\t\t<div class=\"ekit-wid-con\" >        <!-- link opening -->\n                <a href=\"tel:+355699362645\" target=\"_blank\" rel=\"nofollow\" class=\"ekit_global_links\">\n                <!-- end link opening -->\n\n        <div class=\"elementskit-infobox text-center text- icon-lef-right-aligin elementor-animation-   \">\n                        <div class=\"box-body\">\n                            <span class=\"elementskit-info-box-title\">\n                    Sedazione                <\/span>\n                                            <\/div>\n        \n        \n                <\/div>\n                <\/a>\n        <\/div>\t\t\t\t<\/div>\n\t\t\t\t<\/div>\n\t\t\t\t\t<\/div>\n\t\t<\/div>\n\t\t\t\t\t<\/div>\n\t\t<\/section>\n\t\t\t\t<section class=\"elementor-section elementor-top-section elementor-element elementor-element-7d90e916 elementor-section-boxed elementor-section-height-default elementor-section-height-default\" data-id=\"7d90e916\" data-element_type=\"section\" data-e-type=\"section\">\n\t\t\t\t\t\t<div class=\"elementor-container elementor-column-gap-default\">\n\t\t\t\t\t<div class=\"elementor-column elementor-col-100 elementor-top-column elementor-element elementor-element-37240e5c\" data-id=\"37240e5c\" data-element_type=\"column\" data-e-type=\"column\">\n\t\t\t<div class=\"elementor-widget-wrap elementor-element-populated\">\n\t\t\t\t\t\t<div class=\"elementor-element elementor-element-132f30eb elementor-widget elementor-widget-heading\" data-id=\"132f30eb\" data-element_type=\"widget\" data-e-type=\"widget\" data-widget_type=\"heading.default\">\n\t\t\t\t<div class=\"elementor-widget-container\">\n\t\t\t\t\t<h2 class=\"elementor-heading-title elementor-size-default\">Cos\u2019\u00e8 la sedazione cosciente?.<\/h2>\t\t\t\t<\/div>\n\t\t\t\t<\/div>\n\t\t\t\t<div class=\"elementor-element elementor-element-5d9377cf elementor-widget elementor-widget-text-editor\" data-id=\"5d9377cf\" data-element_type=\"widget\" data-e-type=\"widget\" data-widget_type=\"text-editor.default\">\n\t\t\t\t<div class=\"elementor-widget-container\">\n\t\t\t\t\t\t\t\t\t<p>Spesso la paura del dentista gioca brutti scherzi, e cos\u00ec si tende a posticipare interventi ed eventuali appuntamenti, con tutti i rischi e le problematiche che ne derivano. Oltre all\u2019operazione chirurgica vera e propria, a volte ci\u00f2 che spaventa in realt\u00e0 \u00e8 proprio l\u2019anestesia, ritenuta spesso insufficiente per la copertura del dolore o addirittura pericolosa per la salute.<\/p><p>Da un lato quindi alcuni pazienti vorrebbero essere sottoposti ad anestesia totale, in modo tale da non correre il rischio di provare dolore. Dall\u2019altro vorrebbero evitarla completamente, richiedono in sostituzione un altro tipo di trattamento: la sedazione cosciente.<\/p><h2><img fetchpriority=\"high\" decoding=\"async\" class=\"alignleft wp-image-7112\" src=\"https:\/\/implant-house.al\/wp-content\/uploads\/2023\/10\/La-sedazione-cosciente-300x164.jpg\" alt=\"\" width=\"450\" height=\"246\" srcset=\"https:\/\/implant-house.al\/wp-content\/uploads\/2023\/10\/La-sedazione-cosciente-300x164.jpg 300w, https:\/\/implant-house.al\/wp-content\/uploads\/2023\/10\/La-sedazione-cosciente-768x420.jpg 768w, https:\/\/implant-house.al\/wp-content\/uploads\/2023\/10\/La-sedazione-cosciente-18x10.jpg 18w, https:\/\/implant-house.al\/wp-content\/uploads\/2023\/10\/La-sedazione-cosciente-212x116.jpg 212w, https:\/\/implant-house.al\/wp-content\/uploads\/2023\/10\/La-sedazione-cosciente.jpg 792w\" sizes=\"(max-width: 450px) 100vw, 450px\" \/><\/h2><h2><strong>Sedazione cosciente: che cos\u2019\u00e8<\/strong><\/h2><p>La\u00a0<strong>sedazione cosciente<\/strong>\u00a0(detta anche sedo-anestesia) consiste in una\u00a0<strong>tecnica anestesiologica<\/strong>\u00a0che ha lo scopo di provare una condizione di rilassamento, favorendo\u00a0<strong>amnesia<\/strong>\u00a0e\u00a0<strong>controllo del dolore<\/strong>.<\/p><p>Il risultato \u00e8 che il paziente, pur rimanendo cosciente, non avverte alcun dolore ma soprattutto non ricorda nulla dell\u2019intervento in questione. Quello che \u00e8 importante \u00e8 che la\u00a0<strong>sedazione cosciente<\/strong>\u00a0non implica la perdita dei riflessi protetti, cio\u00e8 la capacit\u00e0 di mantenere la\u00a0<strong>respirazione autonoma<\/strong>\u00a0e di rispondere in modo adeguato agli stimoli fisici e ai comandi verbali.<\/p><p>Tuttavia, \u00e8 bene sapere che anche la\u00a0<strong>sedazione cosciente<\/strong>, per quanto sicura, potrebbe comportare\u00a0<strong>rischi<\/strong>\u00a0e\u00a0<strong>controindicazioni<\/strong>. Di conseguenza, prima di sottoporvisi bisognerebbe sapere se vi sono le condizioni per poterlo fare.<\/p><h2><strong>Sedazione cosciente: chi pu\u00f2 farla?<\/strong><\/h2><p>Innanzitutto la\u00a0<strong>sedazione cosciente<\/strong>\u00a0pu\u00f2 essere praticata e si rivela molto utile con i\u00a0<strong>pazienti odontofobici<\/strong>\u00a0o ansiosi, pazienti cardiopatici, ipertesi, o ancora epilettici. Questo perch\u00e9 \u00e8 in grado di ridurre la portata negativa di stress e forti emozioni. Tutto questo vale anche per i pazienti portatori di handicap. In questo caso, infatti, le cure odontoiatriche sono rese pi\u00f9 difficili a causa dell\u2019eccessiva irrequietezza del paziente. Grazie alla\u00a0<strong>sedazione cosciente<\/strong>\u00a0\u00e8 possibile portare il paziente in una situazione di\u00a0<strong>maggiore tranquillit\u00e0<\/strong>\u00a0riducendone aggressivit\u00e0 e disordini motori.<\/p><p>Diversamente, la\u00a0<strong>sedazione cosciente<\/strong>\u00a0\u00e8 sconsigliata alle donne in\u00a0<strong>stato di gravidanza<\/strong>, sia nei primi tre mesi che nel terzo trimestre, in quanto c\u2019\u00e8 la possibilit\u00e0 che la sedazione favorisca il\u00a0<strong>parto anticipato<\/strong>.<\/p><p>Non solo, anche in caso di difficolt\u00e0 respiratorie, forti raffreddori, bronchiti croniche, sarebbe meglio evitare in quanto potrebbe essere difficile praticare la sedazione. Fra le\u00a0<strong>controindicazioni<\/strong>\u00a0rientrano anche altre\u00a0<strong>malattie gravi<\/strong>\u00a0come broncopolmoniti acute, enfisema, sclerosi multipla, miastenia, ecc.<\/p><hr \/><h2><strong><img decoding=\"async\" class=\"alignright wp-image-7113\" src=\"https:\/\/implant-house.al\/wp-content\/uploads\/2023\/10\/sedazione-cosciente-2-300x200.jpg\" alt=\"\" width=\"450\" height=\"300\" srcset=\"https:\/\/implant-house.al\/wp-content\/uploads\/2023\/10\/sedazione-cosciente-2-300x200.jpg 300w, https:\/\/implant-house.al\/wp-content\/uploads\/2023\/10\/sedazione-cosciente-2-18x12.jpg 18w, https:\/\/implant-house.al\/wp-content\/uploads\/2023\/10\/sedazione-cosciente-2-174x116.jpg 174w, https:\/\/implant-house.al\/wp-content\/uploads\/2023\/10\/sedazione-cosciente-2.jpg 750w\" sizes=\"(max-width: 450px) 100vw, 450px\" \/>Sedazione cosciente: come funziona<\/strong><\/h2><p>Innanzitutto, prima di effettuare la sedazione, l\u2019anestesista o il dentista responsabile della procedura controlla la\u00a0<strong>storia clinica<\/strong>\u00a0del paziente. In particolare la valutazione deve essere effettuata qualche giorno prima dell\u2019intervento e, in questa sede, andranno identificate le tecniche chirurgiche e di sedazione pi\u00f9 adatte al caso specifico.<\/p><p>A questo punto si pu\u00f2 procedere con la sedazione, che si pratica tramite una\u00a0<strong>cannula<\/strong>\u00a0inserita endovena, attraverso il quale si somministrano i\u00a0<strong>farmaci<\/strong>. Nel corso della sedazione i parametri vitali vengono costantemente monitorati. In alcuni casi, ai farmaci si associa anche l\u2019inalazione del\u00a0<strong>protossido d\u2019azoto<\/strong>, che unito all\u2019ossigeno non presenta alcuna controindicazione.<\/p><p>Il\u00a0<strong>protossido d\u2019azoto inoltre<\/strong>, viene eliminato nel giro di 2-3 minuti, per cui l\u2019unica raccomandazione \u00e8 di non mettersi immediatamente alla guida.<\/p><p>Naturalmente, come in tutte le cose, anche la riuscita della sedazione dipender\u00e0 molto dal personale che la pratica e dal fatto che venga messa in atto seguendo protocolli di sicurezza e negli ambienti adeguati. Noi di <b>Implant House <\/b>pratichiamo anche questo tipo di anestesia. Per farlo ci avvaliamo di\u00a0<strong>anestesisti professionisti<\/strong>, perfettamente in grado di controllare la corretta implementazione delle procedure, in modo da offrire la massima professionalit\u00e0 e sicurezza.<\/p>\t\t\t\t\t\t\t\t<\/div>\n\t\t\t\t<\/div>\n\t\t\t\t\t<\/div>\n\t\t<\/div>\n\t\t\t\t\t<\/div>\n\t\t<\/section>\n\t\t\t\t<section class=\"elementor-section elementor-top-section elementor-element elementor-element-47d9205b elementor-section-full_width elementor-section-height-default elementor-section-height-default\" data-id=\"47d9205b\" data-element_type=\"section\" data-e-type=\"section\">\n\t\t\t\t\t\t<div class=\"elementor-container elementor-column-gap-default\">\n\t\t\t\t\t<div class=\"elementor-column elementor-col-100 elementor-top-column elementor-element elementor-element-6041d8a4\" data-id=\"6041d8a4\" data-element_type=\"column\" data-e-type=\"column\" data-settings=\"{&quot;background_background&quot;:&quot;classic&quot;}\">\n\t\t\t<div class=\"elementor-widget-wrap elementor-element-populated\">\n\t\t\t\t\t\t<div class=\"elementor-element elementor-element-2ded534d elementor-widget elementor-widget-heading\" data-id=\"2ded534d\" data-element_type=\"widget\" data-e-type=\"widget\" data-widget_type=\"heading.default\">\n\t\t\t\t<div class=\"elementor-widget-container\">\n\t\t\t\t\t<h2 class=\"elementor-heading-title elementor-size-default\">Prenota oggi stesso la tua consulenza implantare GRATUITA!<\/h2>\t\t\t\t<\/div>\n\t\t\t\t<\/div>\n\t\t\t\t<div class=\"elementor-element elementor-element-44d12d9a elementor-align-center elementor-widget elementor-widget-button\" data-id=\"44d12d9a\" data-element_type=\"widget\" data-e-type=\"widget\" data-widget_type=\"button.default\">\n\t\t\t\t<div class=\"elementor-widget-container\">\n\t\t\t\t\t\t\t\t\t<div class=\"elementor-button-wrapper\">\n\t\t\t\t\t<a class=\"elementor-button elementor-button-link elementor-size-sm\" href=\"https:\/\/implant-house.al\/contatti\/\" target=\"_blank\">\n\t\t\t\t\t\t<span class=\"elementor-button-content-wrapper\">\n\t\t\t\t\t\t<span class=\"elementor-button-icon\">\n\t\t\t\t<i aria-hidden=\"true\" class=\"fas fa-phone-square-alt\"><\/i>\t\t\t<\/span>\n\t\t\t\t\t\t\t\t\t<span class=\"elementor-button-text\">Contatti<\/span>\n\t\t\t\t\t<\/span>\n\t\t\t\t\t<\/a>\n\t\t\t\t<\/div>\n\t\t\t\t\t\t\t\t<\/div>\n\t\t\t\t<\/div>\n\t\t\t\t\t<\/div>\n\t\t<\/div>\n\t\t\t\t\t<\/div>\n\t\t<\/section>\n\t\t\t\t<\/div>\n\t\t","protected":false},"excerpt":{"rendered":"<p>Prenota appuntamento +355 69 936 2645 Sedazione Cos\u2019\u00e8 la sedazione cosciente?. Spesso la paura del dentista gioca brutti scherzi, e cos\u00ec si tende a posticipare interventi ed eventuali appuntamenti, con tutti i rischi e le problematiche che ne derivano. Oltre all\u2019operazione chirurgica vera e propria, a volte ci\u00f2 che spaventa in realt\u00e0 \u00e8 proprio l\u2019anestesia, [&hellip;]<\/p>\n","protected":false},"author":1,"featured_media":0,"parent":0,"menu_order":0,"comment_status":"closed","ping_status":"closed","template":"elementor_header_footer","meta":{"_joinchat":[],"footnotes":""},"class_list":["post-5770","page","type-page","status-publish","hentry"],"yoast_head":"<!-- This site is optimized with the Yoast SEO plugin v27.1.1 - https:\/\/yoast.com\/product\/yoast-seo-wordpress\/ -->\n<title>Implant House Albania, Sedazione - Implant House Albania<\/title>\n<meta name=\"description\" content=\"Implant House Albania. Sherbim Endodontike ne Tirane, Albania. Dental Endodontics in Tirana, Albania. Endodontics in Tirana, Albania\" \/>\n<meta name=\"robots\" content=\"index, follow, max-snippet:-1, max-image-preview:large, max-video-preview:-1\" \/>\n<link rel=\"canonical\" href=\"https:\/\/implant-house.al\/it\/sedazione\/\" \/>\n<meta property=\"og:locale\" content=\"it_IT\" \/>\n<meta property=\"og:type\" content=\"article\" \/>\n<meta property=\"og:title\" content=\"Implant House Albania, Sedazione - Implant House Albania\" \/>\n<meta property=\"og:description\" content=\"Implant House Albania. Sherbim Endodontike ne Tirane, Albania. Dental Endodontics in Tirana, Albania. Endodontics in Tirana, Albania\" \/>\n<meta property=\"og:url\" content=\"https:\/\/implant-house.al\/it\/sedazione\/\" \/>\n<meta property=\"og:site_name\" content=\"Implant House Albania\" \/>\n<meta property=\"article:publisher\" content=\"https:\/\/www.facebook.com\/Implant-House-Albania-102536281995183\" \/>\n<meta property=\"article:modified_time\" content=\"2023-10-11T16:27:59+00:00\" \/>\n<meta property=\"og:image\" content=\"https:\/\/implant-house.al\/wp-content\/uploads\/2023\/10\/La-sedazione-cosciente-300x164.jpg\" \/>\n<meta name=\"twitter:card\" content=\"summary_large_image\" \/>\n<meta name=\"twitter:label1\" content=\"Tempo di lettura stimato\" \/>\n\t<meta name=\"twitter:data1\" content=\"4 minuti\" \/>\n<script type=\"application\/ld+json\" class=\"yoast-schema-graph\">{\"@context\":\"https:\/\/schema.org\",\"@graph\":[{\"@type\":\"WebPage\",\"@id\":\"https:\/\/implant-house.al\/en\/sedazione\/\",\"url\":\"https:\/\/implant-house.al\/en\/sedazione\/\",\"name\":\"Implant House Albania, Sedazione - Implant House Albania\",\"isPartOf\":{\"@id\":\"https:\/\/implant-house.al\/it\/#website\"},\"primaryImageOfPage\":{\"@id\":\"https:\/\/implant-house.al\/en\/sedazione\/#primaryimage\"},\"image\":{\"@id\":\"https:\/\/implant-house.al\/en\/sedazione\/#primaryimage\"},\"thumbnailUrl\":\"https:\/\/implant-house.al\/wp-content\/uploads\/2023\/10\/La-sedazione-cosciente-300x164.jpg\",\"datePublished\":\"2021-06-05T11:51:57+00:00\",\"dateModified\":\"2023-10-11T16:27:59+00:00\",\"description\":\"Implant House Albania. Sherbim Endodontike ne Tirane, Albania. Dental Endodontics in Tirana, Albania. Endodontics in Tirana, Albania\",\"breadcrumb\":{\"@id\":\"https:\/\/implant-house.al\/en\/sedazione\/#breadcrumb\"},\"inLanguage\":\"it-IT\",\"potentialAction\":[{\"@type\":\"ReadAction\",\"target\":[\"https:\/\/implant-house.al\/en\/sedazione\/\"]}]},{\"@type\":\"ImageObject\",\"inLanguage\":\"it-IT\",\"@id\":\"https:\/\/implant-house.al\/en\/sedazione\/#primaryimage\",\"url\":\"https:\/\/implant-house.al\/wp-content\/uploads\/2023\/10\/La-sedazione-cosciente-300x164.jpg\",\"contentUrl\":\"https:\/\/implant-house.al\/wp-content\/uploads\/2023\/10\/La-sedazione-cosciente-300x164.jpg\"},{\"@type\":\"BreadcrumbList\",\"@id\":\"https:\/\/implant-house.al\/en\/sedazione\/#breadcrumb\",\"itemListElement\":[{\"@type\":\"ListItem\",\"position\":1,\"name\":\"Home\",\"item\":\"https:\/\/implant-house.al\/it\/\"},{\"@type\":\"ListItem\",\"position\":2,\"name\":\"Sedazione\"}]},{\"@type\":\"WebSite\",\"@id\":\"https:\/\/implant-house.al\/it\/#website\",\"url\":\"https:\/\/implant-house.al\/it\/\",\"name\":\"Implant House Albania - Dental Clinic in Tirana\",\"description\":\"Implantologia a Tirana Albania. Turismo Dentale a Tirana, Albania. Implantologia dentale, Corona dentale, Protesi dentale. Impianti Dentali\",\"publisher\":{\"@id\":\"https:\/\/implant-house.al\/it\/#organization\"},\"potentialAction\":[{\"@type\":\"SearchAction\",\"target\":{\"@type\":\"EntryPoint\",\"urlTemplate\":\"https:\/\/implant-house.al\/it\/?s={search_term_string}\"},\"query-input\":{\"@type\":\"PropertyValueSpecification\",\"valueRequired\":true,\"valueName\":\"search_term_string\"}}],\"inLanguage\":\"it-IT\"},{\"@type\":\"Organization\",\"@id\":\"https:\/\/implant-house.al\/it\/#organization\",\"name\":\"Implant House Albania\",\"url\":\"https:\/\/implant-house.al\/it\/\",\"logo\":{\"@type\":\"ImageObject\",\"inLanguage\":\"it-IT\",\"@id\":\"https:\/\/implant-house.al\/it\/#\/schema\/logo\/image\/\",\"url\":\"https:\/\/implant-house.al\/wp-content\/uploads\/2021\/06\/IMPLANT-HOUSE-FAVICON.jpg\",\"contentUrl\":\"https:\/\/implant-house.al\/wp-content\/uploads\/2021\/06\/IMPLANT-HOUSE-FAVICON.jpg\",\"width\":512,\"height\":512,\"caption\":\"Implant House Albania\"},\"image\":{\"@id\":\"https:\/\/implant-house.al\/it\/#\/schema\/logo\/image\/\"},\"sameAs\":[\"https:\/\/www.facebook.com\/Implant-House-Albania-102536281995183\",\"https:\/\/instagram.com\/implanthousealbania\"]}]}<\/script>\n<!-- \/ Yoast SEO plugin. -->","yoast_head_json":{"title":"Implant House Albania, Sedazione - Implant House Albania","description":"Implant House Albania. Sherbim Endodontike ne Tirane, Albania. Dental Endodontics in Tirana, Albania. Endodontics in Tirana, Albania","robots":{"index":"index","follow":"follow","max-snippet":"max-snippet:-1","max-image-preview":"max-image-preview:large","max-video-preview":"max-video-preview:-1"},"canonical":"https:\/\/implant-house.al\/it\/sedazione\/","og_locale":"it_IT","og_type":"article","og_title":"Implant House Albania, Sedazione - Implant House Albania","og_description":"Implant House Albania. Sherbim Endodontike ne Tirane, Albania. Dental Endodontics in Tirana, Albania. Endodontics in Tirana, Albania","og_url":"https:\/\/implant-house.al\/it\/sedazione\/","og_site_name":"Implant House Albania","article_publisher":"https:\/\/www.facebook.com\/Implant-House-Albania-102536281995183","article_modified_time":"2023-10-11T16:27:59+00:00","og_image":[{"url":"https:\/\/implant-house.al\/wp-content\/uploads\/2023\/10\/La-sedazione-cosciente-300x164.jpg","type":"","width":"","height":""}],"twitter_card":"summary_large_image","twitter_misc":{"Tempo di lettura stimato":"4 minuti"},"schema":{"@context":"https:\/\/schema.org","@graph":[{"@type":"WebPage","@id":"https:\/\/implant-house.al\/en\/sedazione\/","url":"https:\/\/implant-house.al\/en\/sedazione\/","name":"Implant House Albania, Sedazione - Implant House Albania","isPartOf":{"@id":"https:\/\/implant-house.al\/it\/#website"},"primaryImageOfPage":{"@id":"https:\/\/implant-house.al\/en\/sedazione\/#primaryimage"},"image":{"@id":"https:\/\/implant-house.al\/en\/sedazione\/#primaryimage"},"thumbnailUrl":"https:\/\/implant-house.al\/wp-content\/uploads\/2023\/10\/La-sedazione-cosciente-300x164.jpg","datePublished":"2021-06-05T11:51:57+00:00","dateModified":"2023-10-11T16:27:59+00:00","description":"Implant House Albania. Sherbim Endodontike ne Tirane, Albania. Dental Endodontics in Tirana, Albania. Endodontics in Tirana, Albania","breadcrumb":{"@id":"https:\/\/implant-house.al\/en\/sedazione\/#breadcrumb"},"inLanguage":"it-IT","potentialAction":[{"@type":"ReadAction","target":["https:\/\/implant-house.al\/en\/sedazione\/"]}]},{"@type":"ImageObject","inLanguage":"it-IT","@id":"https:\/\/implant-house.al\/en\/sedazione\/#primaryimage","url":"https:\/\/implant-house.al\/wp-content\/uploads\/2023\/10\/La-sedazione-cosciente-300x164.jpg","contentUrl":"https:\/\/implant-house.al\/wp-content\/uploads\/2023\/10\/La-sedazione-cosciente-300x164.jpg"},{"@type":"BreadcrumbList","@id":"https:\/\/implant-house.al\/en\/sedazione\/#breadcrumb","itemListElement":[{"@type":"ListItem","position":1,"name":"Home","item":"https:\/\/implant-house.al\/it\/"},{"@type":"ListItem","position":2,"name":"Sedazione"}]},{"@type":"WebSite","@id":"https:\/\/implant-house.al\/it\/#website","url":"https:\/\/implant-house.al\/it\/","name":"Implant House Albania - Dental Clinic in Tirana","description":"Implantologia a Tirana Albania. Turismo Dentale a Tirana, Albania. Implantologia dentale, Corona dentale, Protesi dentale. Impianti Dentali","publisher":{"@id":"https:\/\/implant-house.al\/it\/#organization"},"potentialAction":[{"@type":"SearchAction","target":{"@type":"EntryPoint","urlTemplate":"https:\/\/implant-house.al\/it\/?s={search_term_string}"},"query-input":{"@type":"PropertyValueSpecification","valueRequired":true,"valueName":"search_term_string"}}],"inLanguage":"it-IT"},{"@type":"Organization","@id":"https:\/\/implant-house.al\/it\/#organization","name":"Implant House Albania","url":"https:\/\/implant-house.al\/it\/","logo":{"@type":"ImageObject","inLanguage":"it-IT","@id":"https:\/\/implant-house.al\/it\/#\/schema\/logo\/image\/","url":"https:\/\/implant-house.al\/wp-content\/uploads\/2021\/06\/IMPLANT-HOUSE-FAVICON.jpg","contentUrl":"https:\/\/implant-house.al\/wp-content\/uploads\/2021\/06\/IMPLANT-HOUSE-FAVICON.jpg","width":512,"height":512,"caption":"Implant House Albania"},"image":{"@id":"https:\/\/implant-house.al\/it\/#\/schema\/logo\/image\/"},"sameAs":["https:\/\/www.facebook.com\/Implant-House-Albania-102536281995183","https:\/\/instagram.com\/implanthousealbania"]}]}},"_links":{"self":[{"href":"https:\/\/implant-house.al\/it\/wp-json\/wp\/v2\/pages\/5770","targetHints":{"allow":["GET"]}}],"collection":[{"href":"https:\/\/implant-house.al\/it\/wp-json\/wp\/v2\/pages"}],"about":[{"href":"https:\/\/implant-house.al\/it\/wp-json\/wp\/v2\/types\/page"}],"author":[{"embeddable":true,"href":"https:\/\/implant-house.al\/it\/wp-json\/wp\/v2\/users\/1"}],"replies":[{"embeddable":true,"href":"https:\/\/implant-house.al\/it\/wp-json\/wp\/v2\/comments?post=5770"}],"version-history":[{"count":3,"href":"https:\/\/implant-house.al\/it\/wp-json\/wp\/v2\/pages\/5770\/revisions"}],"predecessor-version":[{"id":7599,"href":"https:\/\/implant-house.al\/it\/wp-json\/wp\/v2\/pages\/5770\/revisions\/7599"}],"wp:attachment":[{"href":"https:\/\/implant-house.al\/it\/wp-json\/wp\/v2\/media?parent=5770"}],"curies":[{"name":"wp","href":"https:\/\/api.w.org\/{rel}","templated":true}]}}