{"id":5770,"date":"2021-06-05T11:51:57","date_gmt":"2021-06-05T11:51:57","guid":{"rendered":"https:\/\/implant-house.al\/?page_id=5770"},"modified":"2023-10-11T16:27:59","modified_gmt":"2023-10-11T16:27:59","slug":"sedazione","status":"publish","type":"page","link":"https:\/\/implant-house.al\/en\/sedazione\/","title":{"rendered":"Sedation"},"content":{"rendered":"<div data-elementor-type=\"wp-post\" data-elementor-id=\"5770\" class=\"elementor elementor-5770\" data-elementor-post-type=\"page\">\n\t\t\t\t\t\t<section class=\"elementor-section elementor-top-section elementor-element elementor-element-3e4f9393 elementor-section-content-middle services_cta elementor-section-full_width elementor-section-height-default elementor-section-height-default\" data-id=\"3e4f9393\" data-element_type=\"section\" data-e-type=\"section\" data-settings=\"{&quot;background_background&quot;:&quot;classic&quot;}\">\n\t\t\t\t\t\t\t<div class=\"elementor-background-overlay\"><\/div>\n\t\t\t\t\t\t\t<div class=\"elementor-container elementor-column-gap-no\">\n\t\t\t\t\t<div class=\"elementor-column elementor-col-33 elementor-top-column elementor-element elementor-element-2d84c31a\" data-id=\"2d84c31a\" data-element_type=\"column\" data-e-type=\"column\">\n\t\t\t<div class=\"elementor-widget-wrap elementor-element-populated\">\n\t\t\t\t\t\t<div class=\"elementor-element elementor-element-9093a70 elementor-align-left elementor-widget elementor-widget-elementskit-button\" data-id=\"9093a70\" data-element_type=\"widget\" data-e-type=\"widget\" data-widget_type=\"elementskit-button.default\">\n\t\t\t\t<div class=\"elementor-widget-container\">\n\t\t\t\t\t<div class=\"ekit-wid-con\" >\t\t<div class=\"ekit-btn-wraper\">\n\t\t\t\t\t\t\t<a href=\"https:\/\/implant-house.al\/en\/contatti\/\" class=\"elementskit-btn services_cta_btn whitespace--normal\" id=\"\">\n\t\t\t\t\t<i class=\"far fa-calendar-check\"><\/i>Book appointment\t\t\t\t<\/a>\n\t\t\t\t\t<\/div>\n        <\/div>\t\t\t\t<\/div>\n\t\t\t\t<\/div>\n\t\t\t\t\t<\/div>\n\t\t<\/div>\n\t\t\t\t<div class=\"elementor-column elementor-col-33 elementor-top-column elementor-element elementor-element-594ec1b0 elementor-hidden-mobile\" data-id=\"594ec1b0\" data-element_type=\"column\" data-e-type=\"column\">\n\t\t\t<div class=\"elementor-widget-wrap elementor-element-populated\">\n\t\t\t\t\t\t<div class=\"elementor-element elementor-element-7a6f64f8 elementor-align-left elementor-widget elementor-widget-elementskit-button\" data-id=\"7a6f64f8\" data-element_type=\"widget\" data-e-type=\"widget\" data-widget_type=\"elementskit-button.default\">\n\t\t\t\t<div class=\"elementor-widget-container\">\n\t\t\t\t\t<div class=\"ekit-wid-con\" >\t\t<div class=\"ekit-btn-wraper\">\n\t\t\t\t\t\t\t<a href=\"tel:+355%2069%20936%202645\" class=\"elementskit-btn services_cta_btn whitespace--normal\" id=\"\">\n\t\t\t\t\t<i class=\"icon icon-phone-call2\"><\/i>+355 69 936 2645\t\t\t\t<\/a>\n\t\t\t\t\t<\/div>\n        <\/div>\t\t\t\t<\/div>\n\t\t\t\t<\/div>\n\t\t\t\t\t<\/div>\n\t\t<\/div>\n\t\t\t\t<div class=\"elementor-column elementor-col-33 elementor-top-column elementor-element elementor-element-6716c1e8\" data-id=\"6716c1e8\" data-element_type=\"column\" data-e-type=\"column\">\n\t\t\t<div class=\"elementor-widget-wrap elementor-element-populated\">\n\t\t\t\t\t\t<div class=\"elementor-element elementor-element-524419eb services_cta_action ekit-equal-height-disable elementor-widget elementor-widget-elementskit-icon-box\" data-id=\"524419eb\" data-element_type=\"widget\" data-e-type=\"widget\" data-widget_type=\"elementskit-icon-box.default\">\n\t\t\t\t<div class=\"elementor-widget-container\">\n\t\t\t\t\t<div class=\"ekit-wid-con\" >        <!-- link opening -->\n                <a href=\"tel:+355699362645\" target=\"_blank\" rel=\"nofollow\" class=\"ekit_global_links\">\n                <!-- end link opening -->\n\n        <div class=\"elementskit-infobox text-center text- icon-lef-right-aligin elementor-animation-\">\n                        <div class=\"box-body\">\n                            <span class=\"elementskit-info-box-title\">\n                    Sedation                <\/span>\n                                            <\/div>\n        \n        \n                <\/div>\n                <\/a>\n        <\/div>\t\t\t\t<\/div>\n\t\t\t\t<\/div>\n\t\t\t\t\t<\/div>\n\t\t<\/div>\n\t\t\t\t\t<\/div>\n\t\t<\/section>\n\t\t\t\t<section class=\"elementor-section elementor-top-section elementor-element elementor-element-7d90e916 elementor-section-boxed elementor-section-height-default elementor-section-height-default\" data-id=\"7d90e916\" data-element_type=\"section\" data-e-type=\"section\">\n\t\t\t\t\t\t<div class=\"elementor-container elementor-column-gap-default\">\n\t\t\t\t\t<div class=\"elementor-column elementor-col-100 elementor-top-column elementor-element elementor-element-37240e5c\" data-id=\"37240e5c\" data-element_type=\"column\" data-e-type=\"column\">\n\t\t\t<div class=\"elementor-widget-wrap elementor-element-populated\">\n\t\t\t\t\t\t<div class=\"elementor-element elementor-element-132f30eb elementor-widget elementor-widget-heading\" data-id=\"132f30eb\" data-element_type=\"widget\" data-e-type=\"widget\" data-widget_type=\"heading.default\">\n\t\t\t\t<div class=\"elementor-widget-container\">\n\t\t\t\t\t<h2 class=\"elementor-heading-title elementor-size-default\">What is conscious sedation?.<\/h2>\t\t\t\t<\/div>\n\t\t\t\t<\/div>\n\t\t\t\t<div class=\"elementor-element elementor-element-5d9377cf elementor-widget elementor-widget-text-editor\" data-id=\"5d9377cf\" data-element_type=\"widget\" data-e-type=\"widget\" data-widget_type=\"text-editor.default\">\n\t\t\t\t<div class=\"elementor-widget-container\">\n\t\t\t\t\t\t\t\t\t<p>Fear of the dentist often plays tricks on us, and so we tend to postpone interventions and any appointments, with all the risks and problems that derive from it. In addition to the actual surgical operation, sometimes what is actually scary is the anesthesia itself, often considered insufficient to cover the pain or even dangerous for health.<\/p><p>On the one hand, therefore, some patients would like to be subjected to total anesthesia, so as not to run the risk of feeling pain. On the other hand, they would like to avoid it completely and instead require another type of treatment: conscious sedation.<\/p><h2><img fetchpriority=\"high\" decoding=\"async\" class=\"alignleft wp-image-7112\" src=\"https:\/\/implant-house.al\/wp-content\/uploads\/2023\/10\/La-sedazione-cosciente-300x164.jpg\" alt=\"\" width=\"450\" height=\"246\" srcset=\"https:\/\/implant-house.al\/wp-content\/uploads\/2023\/10\/La-sedazione-cosciente-300x164.jpg 300w, https:\/\/implant-house.al\/wp-content\/uploads\/2023\/10\/La-sedazione-cosciente-768x420.jpg 768w, https:\/\/implant-house.al\/wp-content\/uploads\/2023\/10\/La-sedazione-cosciente-18x10.jpg 18w, https:\/\/implant-house.al\/wp-content\/uploads\/2023\/10\/La-sedazione-cosciente-212x116.jpg 212w, https:\/\/implant-house.al\/wp-content\/uploads\/2023\/10\/La-sedazione-cosciente.jpg 792w\" sizes=\"(max-width: 450px) 100vw, 450px\" \/><\/h2><h2><strong>Conscious sedation: what is it<\/strong><\/h2><p>The\u00a0<strong>conscious sedation<\/strong>\u00a0(also called sedation anesthesia) consists of a\u00a0<strong>anesthetic technique<\/strong>\u00a0which aims to experience a state of relaxation, encouraging\u00a0<strong>amnesia<\/strong>\u00a0and\u00a0<strong>pain control<\/strong>.<\/p><p>The result is that the patient, although remaining conscious, does not feel any pain but above all does not remember anything about the operation in question. What is important is that the\u00a0<strong>conscious sedation<\/strong>\u00a0does not imply the loss of protected reflexes, i.e. the ability to maintain the\u00a0<strong>autonomous breathing<\/strong>\u00a0and to respond appropriately to physical stimuli and verbal commands.<\/p><p>However, it is good to know that even the\u00a0<strong>conscious sedation<\/strong>, per quanto sicura, potrebbe comportare\u00a0<strong>rischi<\/strong>\u00a0and\u00a0<strong>contraindications<\/strong>. Di conseguenza, prima di sottoporvisi bisognerebbe sapere se vi sono le condizioni per poterlo fare.<\/p><h2><strong>Sedazione cosciente: chi pu\u00f2 farla?<\/strong><\/h2><p>Innanzitutto la\u00a0<strong>conscious sedation<\/strong>\u00a0pu\u00f2 essere praticata e si rivela molto utile con i\u00a0<strong>dental phobic patients<\/strong>\u00a0or anxious, heart patients, hypertensives, or even epileptics. This is because it is able to reduce the negative impact of stress and strong emotions. All this also applies to disabled patients. In this case, in fact, dental care is made more difficult due to the patient's excessive restlessness. Thanks to\u00a0<strong>conscious sedation<\/strong>\u00a0it is possible to bring the patient into a situation of\u00a0<strong>greater peace of mind<\/strong>\u00a0reducing aggression and motor disorders.<\/p><p>Otherwise, the\u00a0<strong>conscious sedation<\/strong>\u00a0it is not recommended for women\u00a0<strong>state of pregnancy<\/strong>, both in the first three months and in the third trimester, as there is the possibility that the sedation favors the\u00a0<strong>early delivery<\/strong>.<\/p><p>Not only that, even in case of breathing difficulties, severe colds, chronic bronchitis, it would be better to avoid it as it could be difficult to practice sedation. Between the\u00a0<strong>contraindications<\/strong>\u00a0others also include\u00a0<strong>serious illness<\/strong>\u00a0such as acute bronchopneumonia, emphysema, multiple sclerosis, myasthenia, etc.<\/p><hr \/><h2><strong><img decoding=\"async\" class=\"alignright wp-image-7113\" src=\"https:\/\/implant-house.al\/wp-content\/uploads\/2023\/10\/sedazione-cosciente-2-300x200.jpg\" alt=\"\" width=\"450\" height=\"300\" srcset=\"https:\/\/implant-house.al\/wp-content\/uploads\/2023\/10\/sedazione-cosciente-2-300x200.jpg 300w, https:\/\/implant-house.al\/wp-content\/uploads\/2023\/10\/sedazione-cosciente-2-18x12.jpg 18w, https:\/\/implant-house.al\/wp-content\/uploads\/2023\/10\/sedazione-cosciente-2-174x116.jpg 174w, https:\/\/implant-house.al\/wp-content\/uploads\/2023\/10\/sedazione-cosciente-2.jpg 750w\" sizes=\"(max-width: 450px) 100vw, 450px\" \/>Conscious sedation: how it works<\/strong><\/h2><p>First, before performing sedation, the anesthetist or dentist responsible for the procedure checks the\u00a0<strong>clinical history<\/strong>\u00a0of the patient. In particular, the evaluation must be carried out a few days before the operation and, here, the surgical and sedation techniques most suitable for the specific case must be identified.<\/p><p>At this point you can proceed with sedation, which is performed using a\u00a0<strong>cannula<\/strong>\u00a0inserted intravenously, through which\u00a0<strong>drugs<\/strong>. During sedation, vital parameters are constantly monitored. In some cases, the drugs are also associated with the inhalation of\u00a0<strong>nitrous oxide<\/strong>, which combined with oxygen does not present any contraindications.<\/p><p>The\u00a0<strong>nitrous oxide<\/strong>, is eliminated within 2-3 minutes, so the only recommendation is not to start driving immediately.<\/p><p>Naturally, as in all things, the success of sedation will depend greatly on the staff who perform it and on whether it is implemented following safety protocols and in the appropriate environments. We at <b>Implant House <\/b>we also practice this type of anesthesia. To do this we make use of\u00a0<strong>professional anesthetists<\/strong>, perfectly capable of checking the correct implementation of the procedures, in order to offer maximum professionalism and safety.<\/p>\t\t\t\t\t\t\t\t<\/div>\n\t\t\t\t<\/div>\n\t\t\t\t\t<\/div>\n\t\t<\/div>\n\t\t\t\t\t<\/div>\n\t\t<\/section>\n\t\t\t\t<section class=\"elementor-section elementor-top-section elementor-element elementor-element-47d9205b elementor-section-full_width elementor-section-height-default elementor-section-height-default\" data-id=\"47d9205b\" data-element_type=\"section\" data-e-type=\"section\">\n\t\t\t\t\t\t<div class=\"elementor-container elementor-column-gap-default\">\n\t\t\t\t\t<div class=\"elementor-column elementor-col-100 elementor-top-column elementor-element elementor-element-6041d8a4\" data-id=\"6041d8a4\" data-element_type=\"column\" data-e-type=\"column\" data-settings=\"{&quot;background_background&quot;:&quot;classic&quot;}\">\n\t\t\t<div class=\"elementor-widget-wrap elementor-element-populated\">\n\t\t\t\t\t\t<div class=\"elementor-element elementor-element-2ded534d elementor-widget elementor-widget-heading\" data-id=\"2ded534d\" data-element_type=\"widget\" data-e-type=\"widget\" data-widget_type=\"heading.default\">\n\t\t\t\t<div class=\"elementor-widget-container\">\n\t\t\t\t\t<h2 class=\"elementor-heading-title elementor-size-default\">Book your FREE consultation today!<\/h2>\t\t\t\t<\/div>\n\t\t\t\t<\/div>\n\t\t\t\t<div class=\"elementor-element elementor-element-44d12d9a elementor-align-center elementor-widget elementor-widget-button\" data-id=\"44d12d9a\" data-element_type=\"widget\" data-e-type=\"widget\" data-widget_type=\"button.default\">\n\t\t\t\t<div class=\"elementor-widget-container\">\n\t\t\t\t\t\t\t\t\t<div class=\"elementor-button-wrapper\">\n\t\t\t\t\t<a class=\"elementor-button elementor-button-link elementor-size-sm\" href=\"https:\/\/implant-house.al\/en\/contatti\/\" target=\"_blank\">\n\t\t\t\t\t\t<span class=\"elementor-button-content-wrapper\">\n\t\t\t\t\t\t<span class=\"elementor-button-icon\">\n\t\t\t\t<i aria-hidden=\"true\" class=\"fas fa-phone-square-alt\"><\/i>\t\t\t<\/span>\n\t\t\t\t\t\t\t\t\t<span class=\"elementor-button-text\">Contact<\/span>\n\t\t\t\t\t<\/span>\n\t\t\t\t\t<\/a>\n\t\t\t\t<\/div>\n\t\t\t\t\t\t\t\t<\/div>\n\t\t\t\t<\/div>\n\t\t\t\t\t<\/div>\n\t\t<\/div>\n\t\t\t\t\t<\/div>\n\t\t<\/section>\n\t\t\t\t<\/div>","protected":false},"excerpt":{"rendered":"<p>Prenota appuntamento +355 69 936 2645 Sedazione Cos\u2019\u00e8 la sedazione cosciente?. Spesso la paura del dentista gioca brutti scherzi, e cos\u00ec si tende a posticipare interventi ed eventuali appuntamenti, con tutti i rischi e le problematiche che ne derivano. Oltre all\u2019operazione chirurgica vera e propria, a volte ci\u00f2 che spaventa in realt\u00e0 \u00e8 proprio l\u2019anestesia, [&hellip;]<\/p>\n","protected":false},"author":1,"featured_media":0,"parent":0,"menu_order":0,"comment_status":"closed","ping_status":"closed","template":"elementor_header_footer","meta":{"_joinchat":[],"footnotes":""},"class_list":["post-5770","page","type-page","status-publish","hentry"],"yoast_head":"<!-- This site is optimized with the Yoast SEO plugin v27.1.1 - https:\/\/yoast.com\/product\/yoast-seo-wordpress\/ -->\n<title>Implant House Albania, Sedazione - Implant House Albania<\/title>\n<meta name=\"description\" content=\"Implant House Albania. Sherbim Endodontike ne Tirane, Albania. Dental Endodontics in Tirana, Albania. Endodontics in Tirana, Albania\" \/>\n<meta name=\"robots\" content=\"index, follow, max-snippet:-1, max-image-preview:large, max-video-preview:-1\" \/>\n<link rel=\"canonical\" href=\"https:\/\/implant-house.al\/en\/sedazione\/\" \/>\n<meta property=\"og:locale\" content=\"en_US\" \/>\n<meta property=\"og:type\" content=\"article\" \/>\n<meta property=\"og:title\" content=\"Implant House Albania, Sedazione - Implant House Albania\" \/>\n<meta property=\"og:description\" content=\"Implant House Albania. Sherbim Endodontike ne Tirane, Albania. Dental Endodontics in Tirana, Albania. Endodontics in Tirana, Albania\" \/>\n<meta property=\"og:url\" content=\"https:\/\/implant-house.al\/en\/sedazione\/\" \/>\n<meta property=\"og:site_name\" content=\"Implant House Albania\" \/>\n<meta property=\"article:publisher\" content=\"https:\/\/www.facebook.com\/Implant-House-Albania-102536281995183\" \/>\n<meta property=\"article:modified_time\" content=\"2023-10-11T16:27:59+00:00\" \/>\n<meta property=\"og:image\" content=\"https:\/\/implant-house.al\/wp-content\/uploads\/2023\/10\/La-sedazione-cosciente-300x164.jpg\" \/>\n<meta name=\"twitter:card\" content=\"summary_large_image\" \/>\n<meta name=\"twitter:label1\" content=\"Est. reading time\" \/>\n\t<meta name=\"twitter:data1\" content=\"4 minutes\" \/>\n<script type=\"application\/ld+json\" class=\"yoast-schema-graph\">{\"@context\":\"https:\/\/schema.org\",\"@graph\":[{\"@type\":\"WebPage\",\"@id\":\"https:\/\/implant-house.al\/en\/sedazione\/\",\"url\":\"https:\/\/implant-house.al\/en\/sedazione\/\",\"name\":\"Implant House Albania, Sedazione - Implant House Albania\",\"isPartOf\":{\"@id\":\"https:\/\/implant-house.al\/it\/#website\"},\"primaryImageOfPage\":{\"@id\":\"https:\/\/implant-house.al\/en\/sedazione\/#primaryimage\"},\"image\":{\"@id\":\"https:\/\/implant-house.al\/en\/sedazione\/#primaryimage\"},\"thumbnailUrl\":\"https:\/\/implant-house.al\/wp-content\/uploads\/2023\/10\/La-sedazione-cosciente-300x164.jpg\",\"datePublished\":\"2021-06-05T11:51:57+00:00\",\"dateModified\":\"2023-10-11T16:27:59+00:00\",\"description\":\"Implant House Albania. Sherbim Endodontike ne Tirane, Albania. Dental Endodontics in Tirana, Albania. Endodontics in Tirana, Albania\",\"breadcrumb\":{\"@id\":\"https:\/\/implant-house.al\/en\/sedazione\/#breadcrumb\"},\"inLanguage\":\"en-US\",\"potentialAction\":[{\"@type\":\"ReadAction\",\"target\":[\"https:\/\/implant-house.al\/en\/sedazione\/\"]}]},{\"@type\":\"ImageObject\",\"inLanguage\":\"en-US\",\"@id\":\"https:\/\/implant-house.al\/en\/sedazione\/#primaryimage\",\"url\":\"https:\/\/implant-house.al\/wp-content\/uploads\/2023\/10\/La-sedazione-cosciente-300x164.jpg\",\"contentUrl\":\"https:\/\/implant-house.al\/wp-content\/uploads\/2023\/10\/La-sedazione-cosciente-300x164.jpg\"},{\"@type\":\"BreadcrumbList\",\"@id\":\"https:\/\/implant-house.al\/en\/sedazione\/#breadcrumb\",\"itemListElement\":[{\"@type\":\"ListItem\",\"position\":1,\"name\":\"Home\",\"item\":\"https:\/\/implant-house.al\/it\/\"},{\"@type\":\"ListItem\",\"position\":2,\"name\":\"Sedazione\"}]},{\"@type\":\"WebSite\",\"@id\":\"https:\/\/implant-house.al\/it\/#website\",\"url\":\"https:\/\/implant-house.al\/it\/\",\"name\":\"Implant House Albania - Dental Clinic in Tirana\",\"description\":\"Implantologia a Tirana Albania. Turismo Dentale a Tirana, Albania. Implantologia dentale, Corona dentale, Protesi dentale. Impianti Dentali\",\"publisher\":{\"@id\":\"https:\/\/implant-house.al\/it\/#organization\"},\"potentialAction\":[{\"@type\":\"SearchAction\",\"target\":{\"@type\":\"EntryPoint\",\"urlTemplate\":\"https:\/\/implant-house.al\/it\/?s={search_term_string}\"},\"query-input\":{\"@type\":\"PropertyValueSpecification\",\"valueRequired\":true,\"valueName\":\"search_term_string\"}}],\"inLanguage\":\"en-US\"},{\"@type\":\"Organization\",\"@id\":\"https:\/\/implant-house.al\/it\/#organization\",\"name\":\"Implant House Albania\",\"url\":\"https:\/\/implant-house.al\/it\/\",\"logo\":{\"@type\":\"ImageObject\",\"inLanguage\":\"en-US\",\"@id\":\"https:\/\/implant-house.al\/it\/#\/schema\/logo\/image\/\",\"url\":\"https:\/\/implant-house.al\/wp-content\/uploads\/2021\/06\/IMPLANT-HOUSE-FAVICON.jpg\",\"contentUrl\":\"https:\/\/implant-house.al\/wp-content\/uploads\/2021\/06\/IMPLANT-HOUSE-FAVICON.jpg\",\"width\":512,\"height\":512,\"caption\":\"Implant House Albania\"},\"image\":{\"@id\":\"https:\/\/implant-house.al\/it\/#\/schema\/logo\/image\/\"},\"sameAs\":[\"https:\/\/www.facebook.com\/Implant-House-Albania-102536281995183\",\"https:\/\/instagram.com\/implanthousealbania\"]}]}<\/script>\n<!-- \/ Yoast SEO plugin. -->","yoast_head_json":{"title":"Implant House Albania, Sedazione - Implant House Albania","description":"Implant House Albania. Sherbim Endodontike ne Tirane, Albania. Dental Endodontics in Tirana, Albania. Endodontics in Tirana, Albania","robots":{"index":"index","follow":"follow","max-snippet":"max-snippet:-1","max-image-preview":"max-image-preview:large","max-video-preview":"max-video-preview:-1"},"canonical":"https:\/\/implant-house.al\/en\/sedazione\/","og_locale":"en_US","og_type":"article","og_title":"Implant House Albania, Sedazione - Implant House Albania","og_description":"Implant House Albania. Sherbim Endodontike ne Tirane, Albania. Dental Endodontics in Tirana, Albania. Endodontics in Tirana, Albania","og_url":"https:\/\/implant-house.al\/en\/sedazione\/","og_site_name":"Implant House Albania","article_publisher":"https:\/\/www.facebook.com\/Implant-House-Albania-102536281995183","article_modified_time":"2023-10-11T16:27:59+00:00","og_image":[{"url":"https:\/\/implant-house.al\/wp-content\/uploads\/2023\/10\/La-sedazione-cosciente-300x164.jpg","type":"","width":"","height":""}],"twitter_card":"summary_large_image","twitter_misc":{"Est. reading time":"4 minutes"},"schema":{"@context":"https:\/\/schema.org","@graph":[{"@type":"WebPage","@id":"https:\/\/implant-house.al\/en\/sedazione\/","url":"https:\/\/implant-house.al\/en\/sedazione\/","name":"Implant House Albania, Sedazione - Implant House Albania","isPartOf":{"@id":"https:\/\/implant-house.al\/it\/#website"},"primaryImageOfPage":{"@id":"https:\/\/implant-house.al\/en\/sedazione\/#primaryimage"},"image":{"@id":"https:\/\/implant-house.al\/en\/sedazione\/#primaryimage"},"thumbnailUrl":"https:\/\/implant-house.al\/wp-content\/uploads\/2023\/10\/La-sedazione-cosciente-300x164.jpg","datePublished":"2021-06-05T11:51:57+00:00","dateModified":"2023-10-11T16:27:59+00:00","description":"Implant House Albania. Sherbim Endodontike ne Tirane, Albania. Dental Endodontics in Tirana, Albania. Endodontics in Tirana, Albania","breadcrumb":{"@id":"https:\/\/implant-house.al\/en\/sedazione\/#breadcrumb"},"inLanguage":"en-US","potentialAction":[{"@type":"ReadAction","target":["https:\/\/implant-house.al\/en\/sedazione\/"]}]},{"@type":"ImageObject","inLanguage":"en-US","@id":"https:\/\/implant-house.al\/en\/sedazione\/#primaryimage","url":"https:\/\/implant-house.al\/wp-content\/uploads\/2023\/10\/La-sedazione-cosciente-300x164.jpg","contentUrl":"https:\/\/implant-house.al\/wp-content\/uploads\/2023\/10\/La-sedazione-cosciente-300x164.jpg"},{"@type":"BreadcrumbList","@id":"https:\/\/implant-house.al\/en\/sedazione\/#breadcrumb","itemListElement":[{"@type":"ListItem","position":1,"name":"Home","item":"https:\/\/implant-house.al\/it\/"},{"@type":"ListItem","position":2,"name":"Sedazione"}]},{"@type":"WebSite","@id":"https:\/\/implant-house.al\/it\/#website","url":"https:\/\/implant-house.al\/it\/","name":"Implant House Albania - Dental Clinic in Tirana","description":"Implantologia a Tirana Albania. Turismo Dentale a Tirana, Albania. Implantologia dentale, Corona dentale, Protesi dentale. Impianti Dentali","publisher":{"@id":"https:\/\/implant-house.al\/it\/#organization"},"potentialAction":[{"@type":"SearchAction","target":{"@type":"EntryPoint","urlTemplate":"https:\/\/implant-house.al\/it\/?s={search_term_string}"},"query-input":{"@type":"PropertyValueSpecification","valueRequired":true,"valueName":"search_term_string"}}],"inLanguage":"en-US"},{"@type":"Organization","@id":"https:\/\/implant-house.al\/it\/#organization","name":"Implant House Albania","url":"https:\/\/implant-house.al\/it\/","logo":{"@type":"ImageObject","inLanguage":"en-US","@id":"https:\/\/implant-house.al\/it\/#\/schema\/logo\/image\/","url":"https:\/\/implant-house.al\/wp-content\/uploads\/2021\/06\/IMPLANT-HOUSE-FAVICON.jpg","contentUrl":"https:\/\/implant-house.al\/wp-content\/uploads\/2021\/06\/IMPLANT-HOUSE-FAVICON.jpg","width":512,"height":512,"caption":"Implant House Albania"},"image":{"@id":"https:\/\/implant-house.al\/it\/#\/schema\/logo\/image\/"},"sameAs":["https:\/\/www.facebook.com\/Implant-House-Albania-102536281995183","https:\/\/instagram.com\/implanthousealbania"]}]}},"_links":{"self":[{"href":"https:\/\/implant-house.al\/en\/wp-json\/wp\/v2\/pages\/5770","targetHints":{"allow":["GET"]}}],"collection":[{"href":"https:\/\/implant-house.al\/en\/wp-json\/wp\/v2\/pages"}],"about":[{"href":"https:\/\/implant-house.al\/en\/wp-json\/wp\/v2\/types\/page"}],"author":[{"embeddable":true,"href":"https:\/\/implant-house.al\/en\/wp-json\/wp\/v2\/users\/1"}],"replies":[{"embeddable":true,"href":"https:\/\/implant-house.al\/en\/wp-json\/wp\/v2\/comments?post=5770"}],"version-history":[{"count":3,"href":"https:\/\/implant-house.al\/en\/wp-json\/wp\/v2\/pages\/5770\/revisions"}],"predecessor-version":[{"id":7599,"href":"https:\/\/implant-house.al\/en\/wp-json\/wp\/v2\/pages\/5770\/revisions\/7599"}],"wp:attachment":[{"href":"https:\/\/implant-house.al\/en\/wp-json\/wp\/v2\/media?parent=5770"}],"curies":[{"name":"wp","href":"https:\/\/api.w.org\/{rel}","templated":true}]}}